{"id":2,"date":"2016-05-10T03:48:21","date_gmt":"2016-05-10T03:48:21","guid":{"rendered":"http:\/\/meine.hopro.ch\/cms\/?page_id=2"},"modified":"2022-12-22T09:43:01","modified_gmt":"2022-12-22T09:43:01","slug":"sample-page","status":"publish","type":"page","link":"https:\/\/meine.hopro.ch\/cms\/","title":{"rendered":"Meine HoPro"},"content":{"rendered":"<h2><strong>MEINE HOPRO<\/strong><\/h2>\n<h1>\n<p>Hier f\u00fchl ich mich zuhause!<\/p>\n<\/h1>\n<ul>\n<li>\n<p>        <img decoding=\"async\" src=\"\/cms\/wp-content\/uploads\/2017\/11\/MG_9513_out.jpg\" alt=\"\"><\/p>\n<h3>HoPro<\/h3>\n<div>Z\u00fcrichs coolstes Gymnasium?<\/div>\n<p><a href=\"\/cms\/?page_id=438\"><\/a><\/p>\n<\/li>\n<li>\n<p>        <img decoding=\"async\" src=\"\/cms\/wp-content\/uploads\/2017\/05\/KSHP_ZH_2012_098.jpg\" alt=\"\"><\/p>\n<h3>Schulhaus<\/h3>\n<div>Im Herzen der Stadt<\/div>\n<p><a href=\"\/cms\/?page_id=147\"><\/a><\/p>\n<\/li>\n<li>\n<p>        <img decoding=\"async\" src=\"\/cms\/wp-content\/uploads\/2017\/11\/KSHP_ZH_2012_006.jpg\" alt=\"\"><\/p>\n<h3>Probezeit<\/h3>\n<div>Komm zu uns!<\/div>\n<p><a href=\"\/cms\/?page_id=166\"><\/a><\/p>\n<\/li>\n<li>\n<p>        <img decoding=\"async\" src=\"\/cms\/wp-content\/uploads\/2017\/11\/KSHP_ZH_2012_020.jpg\" alt=\"\"><\/p>\n<h3>Unterricht<\/h3>\n<div>Was muss ich k\u00f6nnen?<\/div>\n<p><a href=\"\/cms\/?page_id=255\"><\/a><\/p>\n<\/li>\n<li>\n<p>        <img decoding=\"async\" src=\"\/cms\/wp-content\/uploads\/2017\/10\/KSHP_ZH_2012_108.jpg\" alt=\"\"><\/p>\n<h3>Schulleben<\/h3>\n<div>Spass muss sein!<\/div>\n<p><a href=\"\/cms\/?page_id=78\"><\/a><\/p>\n<\/li>\n<li>\n<p>        <img decoding=\"async\" src=\"\/cms\/wp-content\/uploads\/2017\/10\/KSHP_ZH_2012_059.jpg\" alt=\"\"><\/p>\n<h3>Matur<\/h3>\n<div>Warum ans Gymnasium<\/div>\n<p><a href=\"\/cms\/?page_id=246\"><\/a><\/p>\n<\/li>\n<\/ul>\n<ul>\n<li>\n        <a href=\"mailto:sekretariat@kshp.ch\">Hast du Fragen?<\/a>\n    <\/li>\n<li>\n        <a href=\"https:\/\/www.kshp.ch\/anmeldung-an-die-schule\/informationsveranstaltung-1\">Direkt anmelden!<\/a>\n    <\/li>\n<\/ul>\n<p><!--more--><br \/>\n<!-- {\"name\":\"\",\"type\":\"layout\",\"children\":[{\"name\":\"mehrfache Startseite zur Sicherheit (Test AF 6.11.)\",\"type\":\"section\",\"props\":{\"class\":\"\",\"height\":\"full\",\"id\":\"galerie\",\"image\":\"wp-content\\\/uploads\\\/2017\\\/05\\\/wandtafel1-1.jpg\",\"image_effect\":\"fixed\",\"image_fixed\":true,\"image_position\":\"center-center\",\"image_size\":\"cover\",\"media_background\":\"#261212\",\"media_overlay\":\"rgba(4, 4, 4, 0.77)\",\"overlap\":false,\"style\":\"primary\",\"title_breakpoint\":\"xl\",\"title_position\":\"top-left\",\"title_rotation\":\"left\",\"vertical_align\":\"middle\",\"width\":\"default\"},\"children\":[{\"name\":\"\",\"type\":\"row\",\"props\":{\"column_gap\":\"large\",\"row_gap\":\"large\",\"vertical_align\":true},\"children\":[{\"name\":\"\",\"type\":\"column\",\"props\":{\"image_position\":\"center-center\",\"media_overlay_gradient\":\"\",\"position_sticky_breakpoint\":\"m\",\"vertical_align\":\"middle\",\"width_medium\":\"1-1\"},\"children\":[{\"name\":\"\",\"type\":\"headline\",\"props\":{\"content\":\"<strong>MEINE HOPRO<\\\/strong>\",\"margin\":\"large\",\"text_align\":\"center\",\"title_element\":\"h2\",\"title_style\":\"heading-xlarge\"}},{\"name\":\"\",\"type\":\"headline\",\"props\":{\"content\":\"\n\n<p>Hier f\\u00fchl ich mich zuhause!<\\\/p>\",\"margin\":\"large\",\"text_align\":\"center\",\"title_element\":\"h1\"}},{\"name\":\"funktionierende Starseitengalerie\",\"type\":\"gallery\",\"props\":{\"css\":\".el-content {\\n    color:#fff;\\n    font-weight:500;\\n    font-size:1.2em;\\n}\\n\",\"filter_align\":\"left\",\"filter_all\":true,\"filter_grid_breakpoint\":\"m\",\"filter_grid_width\":\"auto\",\"filter_position\":\"top\",\"filter_style\":\"tab\",\"grid_column_gap\":\"medium\",\"grid_default\":\"1\",\"grid_divider\":false,\"grid_medium\":\"3\",\"grid_row_gap\":\"medium\",\"image_box_shadow\":\"medium\",\"image_box_shadow_bottom\":false,\"image_height\":\"320\",\"image_hover_box_shadow\":\"small\",\"image_transition\":\"scale-up\",\"image_width\":\"500\",\"item_animation\":true,\"link_style\":\"default\",\"link_text\":\"\",\"margin\":\"default\",\"meta_align\":\"below-title\",\"meta_element\":\"div\",\"meta_style\":\"text-meta\",\"overlay_hover\":true,\"overlay_link\":true,\"overlay_mode\":\"cover\",\"overlay_position\":\"center\",\"overlay_style\":\"overlay-primary\",\"overlay_transition\":\"fade\",\"overlay_transition_background\":true,\"parallax_easing\":\"1\",\"show_content\":true,\"show_hover_image\":true,\"show_image2\":true,\"show_link\":true,\"show_meta\":true,\"show_title\":true,\"text_align\":\"center\",\"text_color\":\"light\",\"title_element\":\"h3\",\"title_hover_style\":\"reset\",\"title_style\":\"h1\",\"title_transition\":\"slide-right-medium\"},\"children\":[{\"name\":\"\",\"type\":\"gallery_item\",\"props\":{\"content\":\"Z\\u00fcrichs coolstes Gymnasium?\",\"image\":\"wp-content\\\/uploads\\\/2017\\\/11\\\/MG_9513_out.jpg\",\"link\":\"\\\/cms\\\/?page_id=438\",\"title\":\"HoPro\"}},{\"name\":\"\",\"type\":\"gallery_item\",\"props\":{\"content\":\"Im Herzen der Stadt\",\"image\":\"wp-content\\\/uploads\\\/2017\\\/05\\\/KSHP_ZH_2012_098.jpg\",\"link\":\"\\\/cms\\\/?page_id=147\",\"title\":\"Schulhaus\"}},{\"name\":\"\",\"type\":\"gallery_item\",\"props\":{\"content\":\"Komm zu uns!\",\"image\":\"wp-content\\\/uploads\\\/2017\\\/11\\\/KSHP_ZH_2012_006.jpg\",\"link\":\"\\\/cms\\\/?page_id=166\",\"title\":\"Probezeit\"}},{\"name\":\"\",\"type\":\"gallery_item\",\"props\":{\"content\":\"Was muss ich k\\u00f6nnen?\",\"image\":\"wp-content\\\/uploads\\\/2017\\\/11\\\/KSHP_ZH_2012_020.jpg\",\"link\":\"\\\/cms\\\/?page_id=255\",\"title\":\"Unterricht\"}},{\"name\":\"\",\"type\":\"gallery_item\",\"props\":{\"content\":\"Spass muss sein!\",\"image\":\"wp-content\\\/uploads\\\/2017\\\/10\\\/KSHP_ZH_2012_108.jpg\",\"link\":\"\\\/cms\\\/?page_id=78\",\"title\":\"Schulleben\"}},{\"name\":\"\",\"type\":\"gallery_item\",\"props\":{\"content\":\"Warum ans Gymnasium\",\"image\":\"wp-content\\\/uploads\\\/2017\\\/10\\\/KSHP_ZH_2012_059.jpg\",\"link\":\"\\\/cms\\\/?page_id=246\",\"title\":\"Matur\"}}]},{\"name\":\"\",\"type\":\"button\",\"props\":{\"button_size\":\"large\",\"grid_column_gap\":\"small\",\"grid_row_gap\":\"small\",\"margin\":\"default\",\"text_align\":\"center\"},\"children\":[{\"name\":\"\",\"type\":\"button_item\",\"props\":{\"button_style\":\"primary\",\"content\":\"Hast du Fragen?\",\"icon_align\":\"left\",\"link\":\"mailto:sekretariat@kshp.ch\"}},{\"name\":\"\",\"type\":\"button_item\",\"props\":{\"button_style\":\"default\",\"content\":\"Direkt anmelden!\",\"icon_align\":\"left\",\"link\":\"https:\\\/\\\/www.kshp.ch\\\/anmeldung-an-die-schule\\\/informationsveranstaltung-1\",\"link_target\":\"blank\"}}]}]}]}]}],\"version\":\"3.0.19\"} --><\/p>\n","protected":false},"excerpt":{"rendered":"<p>MEINE HOPRO Hier f\u00fchl ich mich zuhause! HoPro Z\u00fcrichs coolstes Gymnasium? Schulhaus Im Herzen der Stadt Probezeit Komm zu uns! Unterricht Was muss ich k\u00f6nnen? Schulleben Spass muss sein! Matur Warum ans Gymnasium Hast du Fragen? Direkt anmelden!<\/p>\n","protected":false},"author":1,"featured_media":0,"parent":0,"menu_order":0,"comment_status":"closed","ping_status":"open","template":"","meta":{"footnotes":""},"class_list":["post-2","page","type-page","status-publish","hentry"],"_links":{"self":[{"href":"https:\/\/meine.hopro.ch\/cms\/index.php?rest_route=\/wp\/v2\/pages\/2","targetHints":{"allow":["GET"]}}],"collection":[{"href":"https:\/\/meine.hopro.ch\/cms\/index.php?rest_route=\/wp\/v2\/pages"}],"about":[{"href":"https:\/\/meine.hopro.ch\/cms\/index.php?rest_route=\/wp\/v2\/types\/page"}],"author":[{"embeddable":true,"href":"https:\/\/meine.hopro.ch\/cms\/index.php?rest_route=\/wp\/v2\/users\/1"}],"replies":[{"embeddable":true,"href":"https:\/\/meine.hopro.ch\/cms\/index.php?rest_route=%2Fwp%2Fv2%2Fcomments&post=2"}],"version-history":[{"count":130,"href":"https:\/\/meine.hopro.ch\/cms\/index.php?rest_route=\/wp\/v2\/pages\/2\/revisions"}],"predecessor-version":[{"id":596,"href":"https:\/\/meine.hopro.ch\/cms\/index.php?rest_route=\/wp\/v2\/pages\/2\/revisions\/596"}],"wp:attachment":[{"href":"https:\/\/meine.hopro.ch\/cms\/index.php?rest_route=%2Fwp%2Fv2%2Fmedia&parent=2"}],"curies":[{"name":"wp","href":"https:\/\/api.w.org\/{rel}","templated":true}]}}