{"id":246,"date":"2017-11-01T07:37:31","date_gmt":"2017-11-01T07:37:31","guid":{"rendered":"http:\/\/meine.hopro.ch\/cms\/?page_id=246"},"modified":"2021-10-18T18:23:28","modified_gmt":"2021-10-18T18:23:28","slug":"matur","status":"publish","type":"page","link":"https:\/\/meine.hopro.ch\/cms\/?page_id=246","title":{"rendered":"Matur"},"content":{"rendered":"<div>\n<p>    <button class=\"uk-button uk-button-primary uk-margin-small-right\" type=\"button\" uk-toggle=\"target: #modal-example\">Mehr<\/button><\/p>\n<p><!-- This is the modal --><\/p>\n<div id=\"modal-example\" uk-modal>\n<div class=\"uk-modal-dialog uk-modal-body\">\n<p>Hier siehst du 19 Jugendliche mit Matur vor ihrer Abschlussfeier. Ihnen stehen jetzt alle T\u00fcren offen.\n<\/p>\n<p class=\"uk-text-right\">\n            <button class=\"uk-button uk-button-default uk-modal-close\" type=\"button\">Schliessen<\/button><\/p>\n<\/p><\/div>\n<\/div>\n<\/div>\n<p>\n    <a href=\"#zwei\">weiter <\/a>\n<\/p>\n<div>\n<div id=\"unten\">&nbsp;<\/div>\n<\/div>\n<div>\n<p>    <button class=\"uk-button uk-button-primary uk-margin-small-right\" type=\"button\" uk-toggle=\"target: #modal-zwei\">Mehr<\/button><\/p>\n<p><!-- This is the modal --><\/p>\n<div id=\"modal-zwei\" uk-modal>\n<div class=\"uk-modal-dialog uk-modal-body\">\n<p>\nUnsere Hausmatur (das heisst, die Maturpr\u00fcfungen werden in der Schule gemacht) erm\u00f6glicht den freien \u00dcbertritt an alle Schweizer Hochschulen.<\/p>\n<p class=\"uk-text-right\">\n            <button class=\"uk-button uk-button-default uk-modal-close\" type=\"button\">Schliessen<\/button><\/p>\n<\/p><\/div>\n<\/div>\n<\/div>\n<p>\n    <a href=\"#drei\">weiter <\/a>\n<\/p>\n<div>\n<div id=\"unten\"><\/div>\n<\/div>\n<div>\n<p>    <button class=\"uk-button uk-button-primary uk-margin-small-right\" type=\"button\" uk-toggle=\"target: #modal-drei\">Mehr<\/button><\/p>\n<p><!-- This is the modal --><\/p>\n<div id=\"modal-drei\" uk-modal>\n<div class=\"uk-modal-dialog uk-modal-body\">\n<p>Die Hohe Promenade ist ein Sprachgymnasium. Trotzdem studieren viele Naturwissenschaften und schneiden sehr gut ab. <\/p>\n<p class=\"uk-text-right\">\n            <button class=\"uk-button uk-button-default uk-modal-close\" type=\"button\">Schliessen<\/button><\/p>\n<\/p><\/div>\n<\/div>\n<\/div>\n<p>\n    <a href=\"#vier\">weiter <\/a>\n<\/p>\n<div>\n<div id=\"unten\"><\/div>\n<\/div>\n<div>\n<p>    <button class=\"uk-button uk-button-primary uk-margin-small-right\" type=\"button\" uk-toggle=\"target: #modal-vier\">Mehr<\/button><\/p>\n<p><!-- This is the modal --><\/p>\n<div id=\"modal-vier\" uk-modal>\n<div class=\"uk-modal-dialog uk-modal-body\">\n<p>Vielleicht wirst du sp\u00e4ter auch Schauspieler, Musiker, Pilot oder gr\u00fcndest dein eigenes Unternehmen. Die HoPro unterst\u00fctzt deinen Lebensweg.<\/p>\n<p class=\"uk-text-right\">\n            <button class=\"uk-button uk-button-default uk-modal-close\" type=\"button\">Schliessen<\/button><\/p>\n<\/p><\/div>\n<\/div>\n<\/div>\n<ul>\n<li>\n        <a href=\"http:\/\/meine.hopro.ch\/cms\/\">\u00dcbersicht<\/a>\n    <\/li>\n<li>\n        <a href=\"#\">nach oben<\/a>\n    <\/li>\n<\/ul>\n<div>\n<div id=\"unten\"><\/div>\n<\/div>\n<p><!-- {\"name\":\"\",\"type\":\"layout\",\"children\":[{\"name\":\"HeroStandard\",\"type\":\"section\",\"props\":{\"image_size\":\"cover\",\"style\":\"muted\",\"width\":\"default\",\"image\":\"wp-content\\\/uploads\\\/2017\\\/11\\\/6a_Matur_2017_ohne_Lehrperson-matur-2017-6a_ohneL.jpg\",\"height\":\"full\",\"animation\":\"fade\",\"image_position\":\"center-center\",\"vertical_align\":\"bottom\",\"title_position\":\"top-left\",\"title_rotation\":\"left\",\"title_breakpoint\":\"xl\",\"header_transparent\":\"light\",\"overlap\":false,\"header_transparent_noplaceholder\":false},\"children\":[{\"name\":\"\",\"type\":\"row\",\"props\":{\"margin\":\"default\",\"vertical_align\":false},\"children\":[{\"name\":\"\",\"type\":\"column\",\"props\":{\"image_position\":\"center-center\",\"width_medium\":\"1-1\",\"media_overlay_gradient\":\"\"},\"children\":[{\"name\":\"\",\"type\":\"html\",\"props\":{\"content\":\"<button class=\\\"uk-button uk-button-primary uk-margin-small-right\\\" type=\\\"button\\\" uk-toggle=\\\"target: #modal-example\\\">Mehr<\\\/button>\\n\\n\\n\\n<!-- This is the modal -->\\n<\/p>\n<div id=\\\"modal-example\\\" uk-modal>\\n    <\/p>\n<div class=\\\"uk-modal-dialog uk-modal-body\\\">\\n   \\n        <\/p>\n<p>Hier siehst du 19 Jugendliche mit Matur vor ihrer Abschlussfeier. Ihnen stehen jetzt alle T\\u00fcren offen.\\n<\\\/p>\\n        <\/p>\n<p class=\\\"uk-text-right\\\">\\n            <button class=\\\"uk-button uk-button-default uk-modal-close\\\" type=\\\"button\\\">Schliessen<\\\/button>\\n           \\n        <\\\/p>\\n    <\\\/div>\\n<\\\/div>&#8222;}},{&#8222;name&#8220;:&#8220;&#8220;,&#8220;type&#8220;:&#8220;button&#8220;,&#8220;props&#8220;:{&#8222;margin&#8220;:&#8220;default&#8220;,&#8220;grid_column_gap&#8220;:&#8220;small&#8220;,&#8220;grid_row_gap&#8220;:&#8220;small&#8220;},&#8220;children&#8220;:[{&#8222;name&#8220;:&#8220;&#8220;,&#8220;type&#8220;:&#8220;button_item&#8220;,&#8220;props&#8220;:{&#8222;button_style&#8220;:&#8220;primary&#8220;,&#8220;icon_align&#8220;:&#8220;left&#8220;,&#8220;content&#8220;:&#8220;weiter &#8222;,&#8220;icon&#8220;:&#8220;triangle-down&#8220;,&#8220;link&#8220;:&#8220;#zwei&#8220;}}]},{&#8222;name&#8220;:&#8220;&#8220;,&#8220;type&#8220;:&#8220;html&#8220;,&#8220;props&#8220;:{&#8222;content&#8220;:&#8220;<\/p>\n<div id=\\\"unten\\\">&nbsp;<\\\/div>&#8222;}}]}]}]},{&#8222;name&#8220;:&#8220;modal-fullscreen-gallery&#8220;,&#8220;type&#8220;:&#8220;section&#8220;,&#8220;props&#8220;:{&#8222;image_size&#8220;:&#8220;cover&#8220;,&#8220;style&#8220;:&#8220;default&#8220;,&#8220;width&#8220;:&#8220;default&#8220;,&#8220;image&#8220;:&#8220;wp-content\\\/uploads\\\/2017\\\/10\\\/MG_9626_out.jpg&#8220;,&#8220;height&#8220;:&#8220;full&#8220;,&#8220;animation&#8220;:&#8220;fade&#8220;,&#8220;image_position&#8220;:&#8220;center-center&#8220;,&#8220;vertical_align&#8220;:&#8220;bottom&#8220;,&#8220;title_position&#8220;:&#8220;top-left&#8220;,&#8220;title_rotation&#8220;:&#8220;left&#8220;,&#8220;title_breakpoint&#8220;:&#8220;xl&#8220;,&#8220;id&#8220;:&#8220;zwei&#8220;},&#8220;children&#8220;:[{&#8222;name&#8220;:&#8220;&#8220;,&#8220;type&#8220;:&#8220;row&#8220;,&#8220;children&#8220;:[{&#8222;name&#8220;:&#8220;&#8220;,&#8220;type&#8220;:&#8220;column&#8220;,&#8220;props&#8220;:{&#8222;image_position&#8220;:&#8220;center-center&#8220;,&#8220;width_medium&#8220;:&#8220;1-1&#8243;,&#8220;media_overlay_gradient&#8220;:&#8220;&#8220;},&#8220;children&#8220;:[{&#8222;name&#8220;:&#8220;&#8220;,&#8220;type&#8220;:&#8220;html&#8220;,&#8220;props&#8220;:{&#8222;content&#8220;:&#8220;<button class=\\\"uk-button uk-button-primary uk-margin-small-right\\\" type=\\\"button\\\" uk-toggle=\\\"target: #modal-zwei\\\">Mehr<\\\/button>\\n\\n\\n\\n<!-- This is the modal -->\\n<\/p>\n<div id=\\\"modal-zwei\\\" uk-modal>\\n    <\/p>\n<div class=\\\"uk-modal-dialog uk-modal-body\\\">\\n        <\/p>\n<p>\\nUnsere Hausmatur (das heisst, die Maturpr\\u00fcfungen werden in der Schule gemacht) erm\\u00f6glicht den freien \\u00dcbertritt an alle Schweizer Hochschulen.\\n        <\/p>\n<p class=\\\"uk-text-right\\\">\\n            <button class=\\\"uk-button uk-button-default uk-modal-close\\\" type=\\\"button\\\">Schliessen<\\\/button>\\n           \\n        <\\\/p>\\n    <\\\/div>\\n<\\\/div>&#8222;}},{&#8222;name&#8220;:&#8220;&#8220;,&#8220;type&#8220;:&#8220;button&#8220;,&#8220;props&#8220;:{&#8222;margin&#8220;:&#8220;default&#8220;,&#8220;grid_column_gap&#8220;:&#8220;small&#8220;,&#8220;grid_row_gap&#8220;:&#8220;small&#8220;},&#8220;children&#8220;:[{&#8222;name&#8220;:&#8220;&#8220;,&#8220;type&#8220;:&#8220;button_item&#8220;,&#8220;props&#8220;:{&#8222;button_style&#8220;:&#8220;primary&#8220;,&#8220;icon_align&#8220;:&#8220;left&#8220;,&#8220;content&#8220;:&#8220;weiter &#8222;,&#8220;icon&#8220;:&#8220;triangle-down&#8220;,&#8220;link&#8220;:&#8220;#drei&#8220;}}]},{&#8222;name&#8220;:&#8220;&#8220;,&#8220;type&#8220;:&#8220;html&#8220;,&#8220;props&#8220;:{&#8222;content&#8220;:&#8220;<\/p>\n<div id=\\\"unten\\\"><\\\/div>&#8222;}}]}]}]},{&#8222;name&#8220;:&#8220;Panel-fullscreen-gallery&#8220;,&#8220;type&#8220;:&#8220;section&#8220;,&#8220;props&#8220;:{&#8222;image_size&#8220;:&#8220;cover&#8220;,&#8220;style&#8220;:&#8220;default&#8220;,&#8220;width&#8220;:&#8220;default&#8220;,&#8220;image&#8220;:&#8220;wp-content\\\/uploads\\\/2017\\\/10\\\/KSHP_ZH_2012_071.jpg&#8220;,&#8220;height&#8220;:&#8220;full&#8220;,&#8220;animation&#8220;:&#8220;fade&#8220;,&#8220;image_position&#8220;:&#8220;center-center&#8220;,&#8220;vertical_align&#8220;:&#8220;bottom&#8220;,&#8220;title_position&#8220;:&#8220;top-left&#8220;,&#8220;title_rotation&#8220;:&#8220;left&#8220;,&#8220;title_breakpoint&#8220;:&#8220;xl&#8220;,&#8220;id&#8220;:&#8220;drei&#8220;},&#8220;children&#8220;:[{&#8222;name&#8220;:&#8220;&#8220;,&#8220;type&#8220;:&#8220;row&#8220;,&#8220;children&#8220;:[{&#8222;name&#8220;:&#8220;&#8220;,&#8220;type&#8220;:&#8220;column&#8220;,&#8220;props&#8220;:{&#8222;image_position&#8220;:&#8220;center-center&#8220;,&#8220;width_medium&#8220;:&#8220;1-1&#8243;,&#8220;media_overlay_gradient&#8220;:&#8220;&#8220;},&#8220;children&#8220;:[{&#8222;name&#8220;:&#8220;&#8220;,&#8220;type&#8220;:&#8220;html&#8220;,&#8220;props&#8220;:{&#8222;content&#8220;:&#8220;<button class=\\\"uk-button uk-button-primary uk-margin-small-right\\\" type=\\\"button\\\" uk-toggle=\\\"target: #modal-drei\\\">Mehr<\\\/button>\\n\\n\\n\\n<!-- This is the modal -->\\n<\/p>\n<div id=\\\"modal-drei\\\" uk-modal>\\n    <\/p>\n<div class=\\\"uk-modal-dialog uk-modal-body\\\">\\n        <\/p>\n<p>\\n\\n\\nDie Hohe Promenade ist ein Sprachgymnasium. Trotzdem studieren viele Naturwissenschaften und schneiden sehr gut ab. \\n\\n        <\/p>\n<p class=\\\"uk-text-right\\\">\\n            <button class=\\\"uk-button uk-button-default uk-modal-close\\\" type=\\\"button\\\">Schliessen<\\\/button>\\n           \\n        <\\\/p>\\n    <\\\/div>\\n<\\\/div>&#8222;}},{&#8222;name&#8220;:&#8220;&#8220;,&#8220;type&#8220;:&#8220;button&#8220;,&#8220;props&#8220;:{&#8222;margin&#8220;:&#8220;default&#8220;,&#8220;grid_column_gap&#8220;:&#8220;small&#8220;,&#8220;grid_row_gap&#8220;:&#8220;small&#8220;},&#8220;children&#8220;:[{&#8222;name&#8220;:&#8220;&#8220;,&#8220;type&#8220;:&#8220;button_item&#8220;,&#8220;props&#8220;:{&#8222;button_style&#8220;:&#8220;primary&#8220;,&#8220;icon_align&#8220;:&#8220;left&#8220;,&#8220;content&#8220;:&#8220;weiter &#8222;,&#8220;icon&#8220;:&#8220;triangle-down&#8220;,&#8220;link&#8220;:&#8220;#vier&#8220;}}]},{&#8222;name&#8220;:&#8220;&#8220;,&#8220;type&#8220;:&#8220;html&#8220;,&#8220;props&#8220;:{&#8222;content&#8220;:&#8220;<\/p>\n<div id=\\\"unten\\\"><\\\/div>&#8222;}}]}]}]},{&#8222;name&#8220;:&#8220;HeroStandard&#8220;,&#8220;type&#8220;:&#8220;section&#8220;,&#8220;props&#8220;:{&#8222;image_size&#8220;:&#8220;cover&#8220;,&#8220;style&#8220;:&#8220;default&#8220;,&#8220;width&#8220;:&#8220;default&#8220;,&#8220;image&#8220;:&#8220;wp-content\\\/uploads\\\/2017\\\/10\\\/KSHP_ZH_2012_008.jpg&#8220;,&#8220;height&#8220;:&#8220;full&#8220;,&#8220;animation&#8220;:&#8220;fade&#8220;,&#8220;image_position&#8220;:&#8220;center-center&#8220;,&#8220;vertical_align&#8220;:&#8220;bottom&#8220;,&#8220;title_position&#8220;:&#8220;top-left&#8220;,&#8220;title_rotation&#8220;:&#8220;left&#8220;,&#8220;title_breakpoint&#8220;:&#8220;xl&#8220;,&#8220;id&#8220;:&#8220;vier&#8220;},&#8220;children&#8220;:[{&#8222;name&#8220;:&#8220;&#8220;,&#8220;type&#8220;:&#8220;row&#8220;,&#8220;children&#8220;:[{&#8222;name&#8220;:&#8220;&#8220;,&#8220;type&#8220;:&#8220;column&#8220;,&#8220;props&#8220;:{&#8222;image_position&#8220;:&#8220;center-center&#8220;,&#8220;width_medium&#8220;:&#8220;1-1&#8243;,&#8220;media_overlay_gradient&#8220;:&#8220;&#8220;},&#8220;children&#8220;:[{&#8222;name&#8220;:&#8220;&#8220;,&#8220;type&#8220;:&#8220;html&#8220;,&#8220;props&#8220;:{&#8222;content&#8220;:&#8220;<button class=\\\"uk-button uk-button-primary uk-margin-small-right\\\" type=\\\"button\\\" uk-toggle=\\\"target: #modal-vier\\\">Mehr<\\\/button>\\n\\n\\n\\n<!-- This is the modal -->\\n<\/p>\n<div id=\\\"modal-vier\\\" uk-modal>\\n    <\/p>\n<div class=\\\"uk-modal-dialog uk-modal-body\\\">\\n        <\/p>\n<p>\\n\\nVielleicht wirst du sp\\u00e4ter auch Schauspieler, Musiker, Pilot oder gr\\u00fcndest dein eigenes Unternehmen. Die HoPro unterst\\u00fctzt deinen Lebensweg.\\n<\/p>\n<p class=\\\"uk-text-right\\\">\\n            <button class=\\\"uk-button uk-button-default uk-modal-close\\\" type=\\\"button\\\">Schliessen<\\\/button>\\n           \\n        <\\\/p>\\n    <\\\/div>\\n<\\\/div>&#8222;}},{&#8222;name&#8220;:&#8220;&#8220;,&#8220;type&#8220;:&#8220;button&#8220;,&#8220;props&#8220;:{&#8222;margin&#8220;:&#8220;default&#8220;,&#8220;grid_column_gap&#8220;:&#8220;small&#8220;,&#8220;grid_row_gap&#8220;:&#8220;small&#8220;},&#8220;children&#8220;:[{&#8222;name&#8220;:&#8220;&#8220;,&#8220;type&#8220;:&#8220;button_item&#8220;,&#8220;props&#8220;:{&#8222;button_style&#8220;:&#8220;primary&#8220;,&#8220;icon_align&#8220;:&#8220;left&#8220;,&#8220;content&#8220;:&#8220;\\u00dcbersicht&#8220;,&#8220;icon&#8220;:&#8220;thumbnails&#8220;,&#8220;link&#8220;:&#8220;http:\\\/\\\/meine.hopro.ch\\\/cms\\\/&#8220;}},{&#8222;name&#8220;:&#8220;&#8220;,&#8220;type&#8220;:&#8220;button_item&#8220;,&#8220;props&#8220;:{&#8222;button_style&#8220;:&#8220;secondary&#8220;,&#8220;icon_align&#8220;:&#8220;left&#8220;,&#8220;content&#8220;:&#8220;nach oben&#8220;,&#8220;icon&#8220;:&#8220;arrow-up&#8220;,&#8220;link&#8220;:&#8220;#&#8220;}}]},{&#8222;name&#8220;:&#8220;&#8220;,&#8220;type&#8220;:&#8220;html&#8220;,&#8220;props&#8220;:{&#8222;content&#8220;:&#8220;<\/p>\n<div id=\\\"unten\\\"><\\\/div>&#8222;}}]}]}]}],&#8220;version&#8220;:&#8220;2.2.4&#8243;} &#8211;><\/p>\n","protected":false},"excerpt":{"rendered":"<p>Mehr Hier siehst du 19 Jugendliche mit Matur vor ihrer Abschlussfeier. Ihnen stehen jetzt alle T\u00fcren offen. Schliessen weiter &nbsp; Mehr Unsere Hausmatur (das heisst, die Maturpr\u00fcfungen werden in der Schule gemacht) erm\u00f6glicht den freien \u00dcbertritt an alle Schweizer Hochschulen. Schliessen weiter Mehr Die Hohe Promenade ist ein Sprachgymnasium. Trotzdem studieren viele Naturwissenschaften und schneiden [&hellip;]<\/p>\n","protected":false},"author":2,"featured_media":0,"parent":0,"menu_order":0,"comment_status":"closed","ping_status":"closed","template":"","meta":{"footnotes":""},"class_list":["post-246","page","type-page","status-publish","hentry"],"_links":{"self":[{"href":"https:\/\/meine.hopro.ch\/cms\/index.php?rest_route=\/wp\/v2\/pages\/246","targetHints":{"allow":["GET"]}}],"collection":[{"href":"https:\/\/meine.hopro.ch\/cms\/index.php?rest_route=\/wp\/v2\/pages"}],"about":[{"href":"https:\/\/meine.hopro.ch\/cms\/index.php?rest_route=\/wp\/v2\/types\/page"}],"author":[{"embeddable":true,"href":"https:\/\/meine.hopro.ch\/cms\/index.php?rest_route=\/wp\/v2\/users\/2"}],"replies":[{"embeddable":true,"href":"https:\/\/meine.hopro.ch\/cms\/index.php?rest_route=%2Fwp%2Fv2%2Fcomments&post=246"}],"version-history":[{"count":16,"href":"https:\/\/meine.hopro.ch\/cms\/index.php?rest_route=\/wp\/v2\/pages\/246\/revisions"}],"predecessor-version":[{"id":583,"href":"https:\/\/meine.hopro.ch\/cms\/index.php?rest_route=\/wp\/v2\/pages\/246\/revisions\/583"}],"wp:attachment":[{"href":"https:\/\/meine.hopro.ch\/cms\/index.php?rest_route=%2Fwp%2Fv2%2Fmedia&parent=246"}],"curies":[{"name":"wp","href":"https:\/\/api.w.org\/{rel}","templated":true}]}}