{"id":255,"date":"2017-11-05T12:43:42","date_gmt":"2017-11-05T12:43:42","guid":{"rendered":"http:\/\/meine.hopro.ch\/cms\/?page_id=255"},"modified":"2017-11-14T06:54:17","modified_gmt":"2017-11-14T06:54:17","slug":"koennen","status":"publish","type":"page","link":"https:\/\/meine.hopro.ch\/cms\/?page_id=255","title":{"rendered":"K\u00f6nnen"},"content":{"rendered":"<p><button class=\"uk-button uk-button-primary uk-margin-small-right\" type=\"button\" uk-toggle=\"target: #modal-zwei\">Mehr<\/button><\/p>\n<p><!-- This is the modal --><\/p>\n<div id=\"modal-zwei\" uk-modal>\n<div class=\"uk-modal-dialog uk-modal-body\">\n<p>Ihr seid sicher gute Sch\u00fclerinnen und Sch\u00fcler. Wenn ihr in der Probezeit gut mitmacht und euch auf die Pr\u00fcfungen vorbereitet, schafft ihr das!<\/p>\n<p class=\"uk-text-right\">\n            <button class=\"uk-button uk-button-default uk-modal-close\" type=\"button\">Schliessen<\/button><\/p>\n<\/p><\/div>\n<\/div>\n<p>weiter <\/p>\n<p><div id=\"unten\"><\/div>\n<\/p>\n<p><button class=\"uk-button uk-button-primary uk-margin-small-right\" type=\"button\" uk-toggle=\"target: #modal-drei\">Mehr<\/button><\/p>\n<p><!-- This is the modal --><\/p>\n<div id=\"modal-drei\" uk-modal>\n<div class=\"uk-modal-dialog uk-modal-body\">\n<p>An der HoPro ist es nicht schwieriger oder einfacher als an anderen Gymnasien. Bei uns speziell ist: Wir haben eine <a href=\"https:\/\/www.kshp.ch\/info\/1211.0.html\" target=\"_blank\">Extra-Aufgabenhilfe f\u00fcr dich.<\/a> <\/p>\n<p class=\"uk-text-right\">\n            <button class=\"uk-button uk-button-default uk-modal-close\" type=\"button\">Schliessen<\/button><\/p>\n<\/p><\/div>\n<\/div>\n<p>weiter <\/p>\n<p><div id=\"unten\"><\/div>\n<\/p>\n<p><button class=\"uk-button uk-button-primary uk-margin-small-right\" type=\"button\" uk-toggle=\"target: #modal-vier\">Mehr<\/button><\/p>\n<p><!-- This is the modal --><\/p>\n<div id=\"modal-vier\" uk-modal>\n<div class=\"uk-modal-dialog uk-modal-body\">\n<p>\nMan kann nicht in allen F\u00e4chern gut sein. Wir helfen dir, deine St\u00e4rken zu finden!\n <\/p>\n<p class=\"uk-text-right\">\n            <button class=\"uk-button uk-button-default uk-modal-close\" type=\"button\">Schliessen<\/button><\/p>\n<\/p><\/div>\n<\/div>\n<p>weiter <\/p>\n<p><div id=\"unten\"><\/div>\n<\/p>\n<p><button class=\"uk-button uk-button-primary uk-margin-small-right\" type=\"button\" uk-toggle=\"target: #modal-eins\">Mehr<\/button><\/p>\n<p><!-- This is the modal --><\/p>\n<div id=\"modal-eins\" uk-modal>\n<div class=\"uk-modal-dialog uk-modal-body\">\n<p><a href=\"#quiz\">Teste mal dein Wissen!<\/a> Welche Tiere erkennst du in unserer Vitrine auf dem Gang bei den Biologie-Zimmern?<\/p>\n<p class=\"uk-text-right\">\n            <button class=\"uk-button uk-button-default uk-modal-close\" type=\"button\">Schliessen<\/button><\/p>\n<\/p><\/div>\n<\/div>\n<p>\u00dcbersicht<\/p>\n<p>nach oben<\/p>\n<p><div id=\"unten\"><\/div>\n<\/p>\n<p>Zur \u00dcbersicht<\/p>\n<p><!-- {\"name\":\"\",\"type\":\"layout\",\"children\":[{\"name\":\"modal-fullscreen-gallery\",\"type\":\"section\",\"props\":{\"image_size\":\"cover\",\"style\":\"default\",\"width\":\"default\",\"image\":\"wp-content\\\/uploads\\\/2017\\\/10\\\/KSHP_ZH_2012_018.jpg\",\"height\":\"full\",\"text_color\":\"\",\"animation\":\"fade\",\"image_position\":\"center-center\",\"vertical_align\":\"bottom\",\"title_position\":\"top-left\",\"title_rotation\":\"left\",\"title_breakpoint\":\"xl\",\"id\":\"zwei\"},\"children\":[{\"name\":\"\",\"type\":\"row\",\"props\":{\"layout\":\"1-1\",\"fixed_width\":\"large\",\"breakpoint\":\"m\"},\"children\":[{\"name\":\"\",\"type\":\"column\",\"props\":{\"widths\":[\"1-1\"],\"image_position\":\"center-center\"},\"children\":[{\"name\":\"\",\"type\":\"html\",\"props\":{\"content\":\"<button class=\\\"uk-button uk-button-primary uk-margin-small-right\\\" type=\\\"button\\\" uk-toggle=\\\"target: #modal-zwei\\\">Mehr<\\\/button>\\n\\n\\n\\n<!-- This is the modal -->\\n<\/p>\n<div id=\\\"modal-zwei\\\" uk-modal>\\n    <\/p>\n<div class=\\\"uk-modal-dialog uk-modal-body\\\">\\n        <\/p>\n<p>Ihr seid sicher gute Sch\\u00fclerinnen und Sch\\u00fcler. Wenn ihr in der Probezeit gut mitmacht und euch auf die Pr\\u00fcfungen vorbereitet, schafft ihr das!<\\\/p>\\n        <\/p>\n<p class=\\\"uk-text-right\\\">\\n            <button class=\\\"uk-button uk-button-default uk-modal-close\\\" type=\\\"button\\\">Schliessen<\\\/button>\\n           \\n        <\\\/p>\\n    <\\\/div>\\n<\\\/div>&#8222;}},{&#8222;name&#8220;:&#8220;&#8220;,&#8220;type&#8220;:&#8220;button&#8220;,&#8220;props&#8220;:{&#8222;gutter&#8220;:&#8220;small&#8220;,&#8220;margin&#8220;:&#8220;default&#8220;},&#8220;children&#8220;:[{&#8222;name&#8220;:&#8220;&#8220;,&#8220;type&#8220;:&#8220;button_item&#8220;,&#8220;props&#8220;:{&#8222;button_style&#8220;:&#8220;primary&#8220;,&#8220;icon_align&#8220;:&#8220;left&#8220;,&#8220;content&#8220;:&#8220;weiter &#8222;,&#8220;icon&#8220;:&#8220;triangle-down&#8220;,&#8220;link&#8220;:&#8220;#drei&#8220;}}]},{&#8222;name&#8220;:&#8220;&#8220;,&#8220;type&#8220;:&#8220;html&#8220;,&#8220;props&#8220;:{&#8222;content&#8220;:&#8220;<\/p>\n<div id=\\\"unten\\\"><\\\/div>&#8222;}}]}]}]},{&#8222;name&#8220;:&#8220;modal-fullscreen-gallery&#8220;,&#8220;type&#8220;:&#8220;section&#8220;,&#8220;props&#8220;:{&#8222;image_size&#8220;:&#8220;cover&#8220;,&#8220;style&#8220;:&#8220;default&#8220;,&#8220;width&#8220;:&#8220;default&#8220;,&#8220;image&#8220;:&#8220;wp-content\\\/uploads\\\/2017\\\/11\\\/KSHP_ZH_2012_150.jpg&#8220;,&#8220;height&#8220;:&#8220;full&#8220;,&#8220;text_color&#8220;:&#8220;&#8220;,&#8220;animation&#8220;:&#8220;fade&#8220;,&#8220;image_position&#8220;:&#8220;center-center&#8220;,&#8220;vertical_align&#8220;:&#8220;bottom&#8220;,&#8220;title_position&#8220;:&#8220;top-left&#8220;,&#8220;title_rotation&#8220;:&#8220;left&#8220;,&#8220;title_breakpoint&#8220;:&#8220;xl&#8220;,&#8220;id&#8220;:&#8220;drei&#8220;},&#8220;children&#8220;:[{&#8222;name&#8220;:&#8220;&#8220;,&#8220;type&#8220;:&#8220;row&#8220;,&#8220;props&#8220;:{&#8222;layout&#8220;:&#8220;1-1&#8243;,&#8220;fixed_width&#8220;:&#8220;large&#8220;,&#8220;breakpoint&#8220;:&#8220;m&#8220;},&#8220;children&#8220;:[{&#8222;name&#8220;:&#8220;&#8220;,&#8220;type&#8220;:&#8220;column&#8220;,&#8220;props&#8220;:{&#8222;widths&#8220;:[&#8222;1-1&#8243;],&#8220;image_position&#8220;:&#8220;center-center&#8220;},&#8220;children&#8220;:[{&#8222;name&#8220;:&#8220;&#8220;,&#8220;type&#8220;:&#8220;html&#8220;,&#8220;props&#8220;:{&#8222;content&#8220;:&#8220;<button class=\\\"uk-button uk-button-primary uk-margin-small-right\\\" type=\\\"button\\\" uk-toggle=\\\"target: #modal-drei\\\">Mehr<\\\/button>\\n\\n\\n\\n<!-- This is the modal -->\\n<\/p>\n<div id=\\\"modal-drei\\\" uk-modal>\\n    <\/p>\n<div class=\\\"uk-modal-dialog uk-modal-body\\\">\\n        <\/p>\n<p>An der HoPro ist es nicht schwieriger oder einfacher als an anderen Gymnasien. Bei uns speziell ist: Wir haben eine <a href=\\\"https:\\\/\\\/www.kshp.ch\\\/info\\\/1211.0.html\\\" target=\\\"_blank\\\">Extra-Aufgabenhilfe f\\u00fcr dich.<\\\/a> <\\\/p>\\n        <\/p>\n<p class=\\\"uk-text-right\\\">\\n            <button class=\\\"uk-button uk-button-default uk-modal-close\\\" type=\\\"button\\\">Schliessen<\\\/button>\\n           \\n        <\\\/p>\\n    <\\\/div>\\n<\\\/div>&#8222;}},{&#8222;name&#8220;:&#8220;&#8220;,&#8220;type&#8220;:&#8220;button&#8220;,&#8220;props&#8220;:{&#8222;gutter&#8220;:&#8220;small&#8220;,&#8220;margin&#8220;:&#8220;default&#8220;},&#8220;children&#8220;:[{&#8222;name&#8220;:&#8220;&#8220;,&#8220;type&#8220;:&#8220;button_item&#8220;,&#8220;props&#8220;:{&#8222;button_style&#8220;:&#8220;primary&#8220;,&#8220;icon_align&#8220;:&#8220;left&#8220;,&#8220;content&#8220;:&#8220;weiter &#8222;,&#8220;icon&#8220;:&#8220;triangle-down&#8220;,&#8220;link&#8220;:&#8220;#vier&#8220;}}]},{&#8222;name&#8220;:&#8220;&#8220;,&#8220;type&#8220;:&#8220;html&#8220;,&#8220;props&#8220;:{&#8222;content&#8220;:&#8220;<\/p>\n<div id=\\\"unten\\\"><\\\/div>&#8222;}}]}]}]},{&#8222;name&#8220;:&#8220;modal-fullscreen-gallery&#8220;,&#8220;type&#8220;:&#8220;section&#8220;,&#8220;props&#8220;:{&#8222;image_size&#8220;:&#8220;cover&#8220;,&#8220;style&#8220;:&#8220;default&#8220;,&#8220;width&#8220;:&#8220;default&#8220;,&#8220;image&#8220;:&#8220;wp-content\\\/uploads\\\/2017\\\/10\\\/KSHP_ZH_2012_078.jpg&#8220;,&#8220;height&#8220;:&#8220;full&#8220;,&#8220;text_color&#8220;:&#8220;&#8220;,&#8220;animation&#8220;:&#8220;fade&#8220;,&#8220;image_position&#8220;:&#8220;center-center&#8220;,&#8220;vertical_align&#8220;:&#8220;bottom&#8220;,&#8220;title_position&#8220;:&#8220;top-left&#8220;,&#8220;title_rotation&#8220;:&#8220;left&#8220;,&#8220;title_breakpoint&#8220;:&#8220;xl&#8220;,&#8220;id&#8220;:&#8220;vier&#8220;},&#8220;children&#8220;:[{&#8222;name&#8220;:&#8220;&#8220;,&#8220;type&#8220;:&#8220;row&#8220;,&#8220;props&#8220;:{&#8222;layout&#8220;:&#8220;1-1&#8243;,&#8220;fixed_width&#8220;:&#8220;large&#8220;,&#8220;breakpoint&#8220;:&#8220;m&#8220;},&#8220;children&#8220;:[{&#8222;name&#8220;:&#8220;&#8220;,&#8220;type&#8220;:&#8220;column&#8220;,&#8220;props&#8220;:{&#8222;widths&#8220;:[&#8222;1-1&#8243;],&#8220;image_position&#8220;:&#8220;center-center&#8220;},&#8220;children&#8220;:[{&#8222;name&#8220;:&#8220;&#8220;,&#8220;type&#8220;:&#8220;html&#8220;,&#8220;props&#8220;:{&#8222;content&#8220;:&#8220;<button class=\\\"uk-button uk-button-primary uk-margin-small-right\\\" type=\\\"button\\\" uk-toggle=\\\"target: #modal-vier\\\">Mehr<\\\/button>\\n\\n\\n\\n<!-- This is the modal -->\\n<\/p>\n<div id=\\\"modal-vier\\\" uk-modal>\\n    <\/p>\n<div class=\\\"uk-modal-dialog uk-modal-body\\\">\\n        <\/p>\n<p>\\nMan kann nicht in allen F\\u00e4chern gut sein. Wir helfen dir, deine St\\u00e4rken zu finden!\\n <\\\/p>\\n        <\/p>\n<p class=\\\"uk-text-right\\\">\\n            <button class=\\\"uk-button uk-button-default uk-modal-close\\\" type=\\\"button\\\">Schliessen<\\\/button>\\n           \\n        <\\\/p>\\n    <\\\/div>\\n<\\\/div>&#8222;}},{&#8222;name&#8220;:&#8220;&#8220;,&#8220;type&#8220;:&#8220;button&#8220;,&#8220;props&#8220;:{&#8222;gutter&#8220;:&#8220;small&#8220;,&#8220;margin&#8220;:&#8220;default&#8220;},&#8220;children&#8220;:[{&#8222;name&#8220;:&#8220;&#8220;,&#8220;type&#8220;:&#8220;button_item&#8220;,&#8220;props&#8220;:{&#8222;button_style&#8220;:&#8220;primary&#8220;,&#8220;icon_align&#8220;:&#8220;left&#8220;,&#8220;content&#8220;:&#8220;weiter &#8222;,&#8220;icon&#8220;:&#8220;triangle-down&#8220;,&#8220;link&#8220;:&#8220;#eins&#8220;}}]},{&#8222;name&#8220;:&#8220;&#8220;,&#8220;type&#8220;:&#8220;html&#8220;,&#8220;props&#8220;:{&#8222;content&#8220;:&#8220;<\/p>\n<div id=\\\"unten\\\"><\\\/div>&#8222;}}]}]}]},{&#8222;name&#8220;:&#8220;modal-fullscreen-gallery&#8220;,&#8220;type&#8220;:&#8220;section&#8220;,&#8220;props&#8220;:{&#8222;image_size&#8220;:&#8220;cover&#8220;,&#8220;style&#8220;:&#8220;default&#8220;,&#8220;width&#8220;:&#8220;default&#8220;,&#8220;image&#8220;:&#8220;wp-content\\\/uploads\\\/2017\\\/11\\\/KSHP_ZH_2012_005.jpg&#8220;,&#8220;height&#8220;:&#8220;full&#8220;,&#8220;text_color&#8220;:&#8220;&#8220;,&#8220;animation&#8220;:&#8220;fade&#8220;,&#8220;image_position&#8220;:&#8220;center-center&#8220;,&#8220;vertical_align&#8220;:&#8220;bottom&#8220;,&#8220;title_position&#8220;:&#8220;top-left&#8220;,&#8220;title_rotation&#8220;:&#8220;left&#8220;,&#8220;title_breakpoint&#8220;:&#8220;xl&#8220;,&#8220;id&#8220;:&#8220;eins&#8220;},&#8220;children&#8220;:[{&#8222;name&#8220;:&#8220;&#8220;,&#8220;type&#8220;:&#8220;row&#8220;,&#8220;props&#8220;:{&#8222;layout&#8220;:&#8220;1-1&#8243;,&#8220;fixed_width&#8220;:&#8220;large&#8220;,&#8220;breakpoint&#8220;:&#8220;m&#8220;},&#8220;children&#8220;:[{&#8222;name&#8220;:&#8220;&#8220;,&#8220;type&#8220;:&#8220;column&#8220;,&#8220;props&#8220;:{&#8222;widths&#8220;:[&#8222;1-1&#8243;],&#8220;image_position&#8220;:&#8220;center-center&#8220;},&#8220;children&#8220;:[{&#8222;name&#8220;:&#8220;&#8220;,&#8220;type&#8220;:&#8220;html&#8220;,&#8220;props&#8220;:{&#8222;content&#8220;:&#8220;<button class=\\\"uk-button uk-button-primary uk-margin-small-right\\\" type=\\\"button\\\" uk-toggle=\\\"target: #modal-eins\\\">Mehr<\\\/button>\\n\\n\\n\\n<!-- This is the modal -->\\n<\/p>\n<div id=\\\"modal-eins\\\" uk-modal>\\n    <\/p>\n<div class=\\\"uk-modal-dialog uk-modal-body\\\">\\n        <\/p>\n<p><a href=\\\"#quiz\\\">Teste mal dein Wissen!<\\\/a> Welche Tiere erkennst du in unserer Vitrine auf dem Gang bei den Biologie-Zimmern?<\\\/p>\\n        <\/p>\n<p class=\\\"uk-text-right\\\">\\n            <button class=\\\"uk-button uk-button-default uk-modal-close\\\" type=\\\"button\\\">Schliessen<\\\/button>\\n           \\n        <\\\/p>\\n    <\\\/div>\\n<\\\/div>&#8222;}},{&#8222;name&#8220;:&#8220;button zuunterst&#8220;,&#8220;type&#8220;:&#8220;button&#8220;,&#8220;props&#8220;:{&#8222;gutter&#8220;:&#8220;small&#8220;,&#8220;margin&#8220;:&#8220;default&#8220;},&#8220;children&#8220;:[{&#8222;name&#8220;:&#8220;&#8220;,&#8220;type&#8220;:&#8220;button_item&#8220;,&#8220;props&#8220;:{&#8222;button_style&#8220;:&#8220;primary&#8220;,&#8220;icon_align&#8220;:&#8220;left&#8220;,&#8220;content&#8220;:&#8220;\\u00dcbersicht&#8220;,&#8220;icon&#8220;:&#8220;thumbnails&#8220;,&#8220;link&#8220;:&#8220;http:\\\/\\\/meine.hopro.ch\\\/cms\\\/&#8220;}},{&#8222;name&#8220;:&#8220;&#8220;,&#8220;type&#8220;:&#8220;button_item&#8220;,&#8220;props&#8220;:{&#8222;button_style&#8220;:&#8220;secondary&#8220;,&#8220;icon_align&#8220;:&#8220;left&#8220;,&#8220;content&#8220;:&#8220;nach oben&#8220;,&#8220;icon&#8220;:&#8220;arrow-up&#8220;,&#8220;link&#8220;:&#8220;#&#8220;}}]},{&#8222;name&#8220;:&#8220;&#8220;,&#8220;type&#8220;:&#8220;html&#8220;,&#8220;props&#8220;:{&#8222;content&#8220;:&#8220;<\/p>\n<div id=\\\"unten\\\"><\\\/div>&#8222;}}]}]}]},{&#8222;name&#8220;:&#8220;standardgalerie&#8220;,&#8220;type&#8220;:&#8220;section&#8220;,&#8220;props&#8220;:{&#8222;image_size&#8220;:&#8220;cover&#8220;,&#8220;style&#8220;:&#8220;default&#8220;,&#8220;width&#8220;:&#8220;default&#8220;,&#8220;image&#8220;:&#8220;wp-content\\\/uploads\\\/2017\\\/05\\\/wandtafel.jpg&#8220;,&#8220;height&#8220;:&#8220;full&#8220;,&#8220;text_color&#8220;:&#8220;&#8220;,&#8220;animation&#8220;:&#8220;fade&#8220;,&#8220;image_position&#8220;:&#8220;center-center&#8220;,&#8220;vertical_align&#8220;:&#8220;middle&#8220;,&#8220;title_position&#8220;:&#8220;top-left&#8220;,&#8220;title_rotation&#8220;:&#8220;left&#8220;,&#8220;title_breakpoint&#8220;:&#8220;xl&#8220;,&#8220;id&#8220;:&#8220;quiz&#8220;},&#8220;children&#8220;:[{&#8222;name&#8220;:&#8220;&#8220;,&#8220;type&#8220;:&#8220;row&#8220;,&#8220;props&#8220;:{&#8222;layout&#8220;:&#8220;1-1&#8243;,&#8220;fixed_width&#8220;:&#8220;large&#8220;,&#8220;breakpoint&#8220;:&#8220;m&#8220;},&#8220;children&#8220;:[{&#8222;name&#8220;:&#8220;&#8220;,&#8220;type&#8220;:&#8220;column&#8220;,&#8220;props&#8220;:{&#8222;widths&#8220;:[&#8222;1-1&#8243;],&#8220;image_position&#8220;:&#8220;center-center&#8220;},&#8220;children&#8220;:[{&#8222;name&#8220;:&#8220;&#8220;,&#8220;type&#8220;:&#8220;popover&#8220;,&#8220;props&#8220;:{&#8222;show_title&#8220;:true,&#8220;show_meta&#8220;:true,&#8220;show_content&#8220;:true,&#8220;show_image&#8220;:true,&#8220;show_link&#8220;:true,&#8220;icon&#8220;:&#8220;plus&#8220;,&#8220;drop_mode&#8220;:&#8220;hover&#8220;,&#8220;drop_position&#8220;:&#8220;top-center&#8220;,&#8220;card_style&#8220;:&#8220;default&#8220;,&#8220;title_element&#8220;:&#8220;h3&#8243;,&#8220;meta_style&#8220;:&#8220;meta&#8220;,&#8220;meta_align&#8220;:&#8220;bottom&#8220;,&#8220;image_card&#8220;:false,&#8220;link_text&#8220;:&#8220;Read more&#8220;,&#8220;link_style&#8220;:&#8220;default&#8220;,&#8220;margin&#8220;:&#8220;default&#8220;,&#8220;background_image&#8220;:&#8220;wp-content\\\/uploads\\\/2017\\\/11\\\/KSHP_ZH_2012_005a.jpg&#8220;,&#8220;card_size&#8220;:&#8220;large&#8220;,&#8220;drop_width&#8220;:&#8220;&#8220;,&#8220;image_width&#8220;:&#8220;&#8220;,&#8220;image_height&#8220;:&#8220;&#8220;,&#8220;image_border&#8220;:&#8220;&#8220;,&#8220;maxwidth&#8220;:&#8220;xxlarge&#8220;},&#8220;children&#8220;:[{&#8222;name&#8220;:&#8220;&#8220;,&#8220;type&#8220;:&#8220;popover_item&#8220;,&#8220;props&#8220;:{&#8222;position_x&#8220;:35,&#8220;position_y&#8220;:49,&#8220;title&#8220;:&#8220;Bambi :-)&#8220;,&#8220;image&#8220;:&#8220;wp-content\\\/uploads\\\/2017\\\/11\\\/Master.jpg&#8220;}},{&#8222;name&#8220;:&#8220;&#8220;,&#8220;type&#8220;:&#8220;popover_item&#8220;,&#8220;props&#8220;:{&#8222;position_x&#8220;:5,&#8220;position_y&#8220;:69,&#8220;title&#8220;:&#8220;Speedy Gonzales :-)&#8220;,&#8220;image&#8220;:&#8220;wp-content\\\/uploads\\\/2017\\\/11\\\/clipart_speedy-gonzales_animaatjes-2.jpg&#8220;}},{&#8222;name&#8220;:&#8220;&#8220;,&#8220;type&#8220;:&#8220;popover_item&#8220;,&#8220;props&#8220;:{&#8222;title&#8220;:&#8220;Lehrer \ud83d\ude42 &#8222;,&#8220;position_x&#8220;:77,&#8220;image&#8220;:&#8220;wp-content\\\/uploads\\\/2017\\\/11\\\/30497557-Schwarzwei-Wise-Owl-Lehrer-Cartoon-Maskottchen-Buchstaben-mit-einem-Zeiger-Lizenzfreie-Bilder.jpg&#8220;,&#8220;position_y&#8220;:29}},{&#8222;name&#8220;:&#8220;&#8220;,&#8220;type&#8220;:&#8220;popover_item&#8220;,&#8220;props&#8220;:{&#8222;position_x&#8220;:88,&#8220;position_y&#8220;:70,&#8220;title&#8220;:&#8220;Das Tierspiel ist als Witz gemeint. Biologie habt ihr schon in der ersten Klasse, da lernt ihr echt was. Und nicht nur \\u00fcber Tiere. Viel Spass!&#8220;}}]},{&#8222;name&#8220;:&#8220;Zur\\u00fcckbutton&#8220;,&#8220;type&#8220;:&#8220;button&#8220;,&#8220;props&#8220;:{&#8222;gutter&#8220;:&#8220;small&#8220;,&#8220;margin&#8220;:&#8220;default&#8220;,&#8220;button_size&#8220;:&#8220;large&#8220;,&#8220;text_align&#8220;:&#8220;center&#8220;},&#8220;children&#8220;:[{&#8222;name&#8220;:&#8220;&#8220;,&#8220;type&#8220;:&#8220;button_item&#8220;,&#8220;props&#8220;:{&#8222;button_style&#8220;:&#8220;primary&#8220;,&#8220;icon_align&#8220;:&#8220;left&#8220;,&#8220;content&#8220;:&#8220;Zur \\u00dcbersicht&#8220;,&#8220;icon&#8220;:&#8220;thumbnails&#8220;,&#8220;link&#8220;:&#8220;http:\\\/\\\/meine.hopro.ch\\\/cms&#8220;,&#8220;link_title&#8220;:&#8220;Gespannt auf anderes? Dann nichts wie zur\\u00fcck!&#8220;}}]}]}]}]}]} &#8211;><\/p>\n","protected":false},"excerpt":{"rendered":"<p>Mehr Ihr seid sicher gute Sch\u00fclerinnen und Sch\u00fcler. Wenn ihr in der Probezeit gut mitmacht und euch auf die Pr\u00fcfungen vorbereitet, schafft ihr das! Schliessen weiter Mehr An der HoPro ist es nicht schwieriger oder einfacher als an anderen Gymnasien. Bei uns speziell ist: Wir haben eine Extra-Aufgabenhilfe f\u00fcr dich. Schliessen weiter Mehr Man kann [&hellip;]<\/p>\n","protected":false},"author":1,"featured_media":0,"parent":0,"menu_order":0,"comment_status":"closed","ping_status":"closed","template":"","meta":{"footnotes":""},"class_list":["post-255","page","type-page","status-publish","hentry"],"_links":{"self":[{"href":"https:\/\/meine.hopro.ch\/cms\/index.php?rest_route=\/wp\/v2\/pages\/255","targetHints":{"allow":["GET"]}}],"collection":[{"href":"https:\/\/meine.hopro.ch\/cms\/index.php?rest_route=\/wp\/v2\/pages"}],"about":[{"href":"https:\/\/meine.hopro.ch\/cms\/index.php?rest_route=\/wp\/v2\/types\/page"}],"author":[{"embeddable":true,"href":"https:\/\/meine.hopro.ch\/cms\/index.php?rest_route=\/wp\/v2\/users\/1"}],"replies":[{"embeddable":true,"href":"https:\/\/meine.hopro.ch\/cms\/index.php?rest_route=%2Fwp%2Fv2%2Fcomments&post=255"}],"version-history":[{"count":23,"href":"https:\/\/meine.hopro.ch\/cms\/index.php?rest_route=\/wp\/v2\/pages\/255\/revisions"}],"predecessor-version":[{"id":562,"href":"https:\/\/meine.hopro.ch\/cms\/index.php?rest_route=\/wp\/v2\/pages\/255\/revisions\/562"}],"wp:attachment":[{"href":"https:\/\/meine.hopro.ch\/cms\/index.php?rest_route=%2Fwp%2Fv2%2Fmedia&parent=255"}],"curies":[{"name":"wp","href":"https:\/\/api.w.org\/{rel}","templated":true}]}}