{"id":438,"date":"2017-11-08T16:22:09","date_gmt":"2017-11-08T16:22:09","guid":{"rendered":"http:\/\/meine.hopro.ch\/cms\/?page_id=438"},"modified":"2020-08-13T20:37:07","modified_gmt":"2020-08-13T20:37:07","slug":"runter","status":"publish","type":"page","link":"https:\/\/meine.hopro.ch\/cms\/?page_id=438","title":{"rendered":"Cooles Gymnasium"},"content":{"rendered":"<div>\n<p>    <button class=\"uk-button uk-button-primary uk-margin-small-right\" type=\"button\" uk-toggle=\"target: #modal-example\">Mehr<\/button><\/p>\n<p><!-- This is the modal --><\/p>\n<div id=\"modal-example\" uk-modal>\n<div class=\"uk-modal-dialog uk-modal-body\">\n<p>Die beste Schule zu sein, heisst f\u00fcr jeden etwas anderes. Die HoPro jedenfalls ist eine pers\u00f6nliche Schule. Hier kennt man sich.<\/p>\n<p class=\"uk-text-right\">\n            <button class=\"uk-button uk-button-default uk-modal-close\" type=\"button\">Schliessen<\/button><\/p>\n<\/p><\/div>\n<\/div>\n<\/div>\n<p>\n    <a href=\"#zwei\">weiter <\/a>\n<\/p>\n<div>\n<div id=\"unten\">&nbsp;<\/div>\n<\/div>\n<div>\n<p>    <button class=\"uk-button uk-button-primary uk-margin-small-right\" type=\"button\" uk-toggle=\"target: #modal-zwei\">Mehr<\/button><\/p>\n<p><!-- This is the modal --><\/p>\n<div id=\"modal-zwei\" uk-modal>\n<div class=\"uk-modal-dialog uk-modal-body\">\n<p>Nat\u00fcrlich sind wir auch stolz, zu den besten Gymnasien der Schweiz zu geh\u00f6ren. Dazu z\u00e4hlt auch die gute Stimmung im Haus.<\/p>\n<p class=\"uk-text-right\">\n            <button class=\"uk-button uk-button-default uk-modal-close\" type=\"button\">Schliessen<\/button><\/p>\n<\/p><\/div>\n<\/div>\n<\/div>\n<p>\n    <a href=\"#drei\">weiter <\/a>\n<\/p>\n<div>\n<div id=\"unten\"><\/div>\n<\/div>\n<div>\n<p>    <button class=\"uk-button uk-button-primary uk-margin-small-right\" type=\"button\" uk-toggle=\"target: #modal-drei\">Mehr<\/button><\/p>\n<p><!-- This is the modal --><\/p>\n<div id=\"modal-drei\" uk-modal>\n<div class=\"uk-modal-dialog uk-modal-body\">\n<p>Die Lehrerinnen und Lehrer sind sympathisch, menschlich, aber auch sehr qualifiziert.<\/p>\n<div class=\"uk-hidden@s\">\nUnd wenn du dein Ph\u00f6nli drehst, findest du sicher auch heraus, welches Fach Herr Ehrengruber unterrichtet!<\/div>\n<p class=\"uk-text-right\">\n            <button class=\"uk-button uk-button-default uk-modal-close\" type=\"button\">Schliessen<\/button><\/p>\n<\/p><\/div>\n<\/div>\n<\/div>\n<p>\n    <a href=\"#vier\">weiter <\/a>\n<\/p>\n<div>\n<div id=\"unten\"><\/div>\n<\/div>\n<div>\n<p>    <button class=\"uk-button uk-button-primary uk-margin-small-right\" type=\"button\" uk-toggle=\"target: #modal-vier\">Mehr<\/button><\/p>\n<p><!-- This is the modal --><\/p>\n<div id=\"modal-vier\" uk-modal>\n<div class=\"uk-modal-dialog uk-modal-body\">\n<p>Bei Experimenten wie in Chemie nehmen sich die Lehrer Zeit f\u00fcr jeden einzelnen. Der Chemielehrer (rechts) ist selber mal hier zur Schule gegangen.<\/p>\n<p class=\"uk-text-right\">\n            <button class=\"uk-button uk-button-default uk-modal-close\" type=\"button\">Schliessen<\/button><\/p>\n<\/p><\/div>\n<\/div>\n<\/div>\n<p>\n    <a href=\"#fuenf\">weiter <\/a>\n<\/p>\n<div>\n<div id=\"unten\"><\/div>\n<\/div>\n<div>\n<p>    <button class=\"uk-button uk-button-primary uk-margin-small-right\" type=\"button\" uk-toggle=\"target: #modal-fuenf\">Mehr<\/button><\/p>\n<p><!-- This is the modal --><\/p>\n<div id=\"modal-fuenf\" uk-modal>\n<div class=\"uk-modal-dialog uk-modal-body\">\n<p>Viele Prominente haben die Hohe Promenade besucht. Und welche Zukunft wartet auf dich?<\/p>\n<p class=\"uk-text-right\">\n            <button class=\"uk-button uk-button-default uk-modal-close\" type=\"button\">Schliessen<\/button><\/p>\n<\/p><\/div>\n<\/div>\n<\/div>\n<ul>\n<li>\n        <a href=\"http:\/\/meine.hopro.ch\/cms\/\">\u00dcbersicht<\/a>\n    <\/li>\n<li>\n        <a href=\"#\">nach oben<\/a>\n    <\/li>\n<\/ul>\n<div>\n<div id=\"unten\"><\/div>\n<\/div>\n<p><!-- {\"name\":\"\",\"type\":\"layout\",\"children\":[{\"name\":\"HeroStandard\",\"type\":\"section\",\"props\":{\"image_size\":\"cover\",\"style\":\"muted\",\"width\":\"default\",\"image\":\"wp-content\\\/uploads\\\/2017\\\/11\\\/KSHP_2010_046-1.jpg\",\"height\":\"full\",\"animation\":\"fade\",\"image_position\":\"center-center\",\"vertical_align\":\"bottom\",\"title_position\":\"top-left\",\"title_rotation\":\"left\",\"title_breakpoint\":\"xl\",\"header_transparent\":\"light\",\"overlap\":false,\"header_transparent_noplaceholder\":false},\"children\":[{\"name\":\"\",\"type\":\"row\",\"props\":{\"margin\":\"default\",\"vertical_align\":false},\"children\":[{\"name\":\"\",\"type\":\"column\",\"props\":{\"image_position\":\"center-center\",\"width_medium\":\"1-1\",\"media_overlay_gradient\":\"\"},\"children\":[{\"name\":\"\",\"type\":\"html\",\"props\":{\"content\":\"<button class=\\\"uk-button uk-button-primary uk-margin-small-right\\\" type=\\\"button\\\" uk-toggle=\\\"target: #modal-example\\\">Mehr<\\\/button>\\n\\n\\n\\n<!-- This is the modal -->\\n<\/p>\n<div id=\\\"modal-example\\\" uk-modal>\\n    <\/p>\n<div class=\\\"uk-modal-dialog uk-modal-body\\\">\\n   \\n        <\/p>\n<p>Die beste Schule zu sein, heisst f\\u00fcr jeden etwas anderes. Die HoPro jedenfalls ist eine pers\\u00f6nliche Schule. Hier kennt man sich.\\n\\n<\\\/p>\\n        <\/p>\n<p class=\\\"uk-text-right\\\">\\n            <button class=\\\"uk-button uk-button-default uk-modal-close\\\" type=\\\"button\\\">Schliessen<\\\/button>\\n           \\n        <\\\/p>\\n    <\\\/div>\\n<\\\/div>&#8222;}},{&#8222;name&#8220;:&#8220;&#8220;,&#8220;type&#8220;:&#8220;button&#8220;,&#8220;props&#8220;:{&#8222;margin&#8220;:&#8220;default&#8220;,&#8220;grid_column_gap&#8220;:&#8220;small&#8220;,&#8220;grid_row_gap&#8220;:&#8220;small&#8220;},&#8220;children&#8220;:[{&#8222;name&#8220;:&#8220;&#8220;,&#8220;type&#8220;:&#8220;button_item&#8220;,&#8220;props&#8220;:{&#8222;button_style&#8220;:&#8220;primary&#8220;,&#8220;icon_align&#8220;:&#8220;left&#8220;,&#8220;content&#8220;:&#8220;weiter &#8222;,&#8220;icon&#8220;:&#8220;triangle-down&#8220;,&#8220;link&#8220;:&#8220;#zwei&#8220;}}]},{&#8222;name&#8220;:&#8220;&#8220;,&#8220;type&#8220;:&#8220;html&#8220;,&#8220;props&#8220;:{&#8222;content&#8220;:&#8220;<\/p>\n<div id=\\\"unten\\\">&nbsp;<\\\/div>&#8222;}}]}]}]},{&#8222;name&#8220;:&#8220;modal-fullscreen-gallery&#8220;,&#8220;type&#8220;:&#8220;section&#8220;,&#8220;props&#8220;:{&#8222;image_size&#8220;:&#8220;cover&#8220;,&#8220;style&#8220;:&#8220;default&#8220;,&#8220;width&#8220;:&#8220;default&#8220;,&#8220;image&#8220;:&#8220;wp-content\\\/uploads\\\/2017\\\/11\\\/KSHP_ZH_2012_102.jpg&#8220;,&#8220;height&#8220;:&#8220;full&#8220;,&#8220;animation&#8220;:&#8220;fade&#8220;,&#8220;image_position&#8220;:&#8220;center-center&#8220;,&#8220;vertical_align&#8220;:&#8220;bottom&#8220;,&#8220;title_position&#8220;:&#8220;top-left&#8220;,&#8220;title_rotation&#8220;:&#8220;left&#8220;,&#8220;title_breakpoint&#8220;:&#8220;xl&#8220;,&#8220;id&#8220;:&#8220;zwei&#8220;},&#8220;children&#8220;:[{&#8222;name&#8220;:&#8220;&#8220;,&#8220;type&#8220;:&#8220;row&#8220;,&#8220;children&#8220;:[{&#8222;name&#8220;:&#8220;&#8220;,&#8220;type&#8220;:&#8220;column&#8220;,&#8220;props&#8220;:{&#8222;image_position&#8220;:&#8220;center-center&#8220;,&#8220;width_medium&#8220;:&#8220;1-1&#8243;,&#8220;media_overlay_gradient&#8220;:&#8220;&#8220;},&#8220;children&#8220;:[{&#8222;name&#8220;:&#8220;&#8220;,&#8220;type&#8220;:&#8220;html&#8220;,&#8220;props&#8220;:{&#8222;content&#8220;:&#8220;<button class=\\\"uk-button uk-button-primary uk-margin-small-right\\\" type=\\\"button\\\" uk-toggle=\\\"target: #modal-zwei\\\">Mehr<\\\/button>\\n\\n\\n\\n<!-- This is the modal -->\\n<\/p>\n<div id=\\\"modal-zwei\\\" uk-modal>\\n    <\/p>\n<div class=\\\"uk-modal-dialog uk-modal-body\\\">\\n     \\n        <\/p>\n<p>Nat\\u00fcrlich sind wir auch stolz, zu den besten Gymnasien der Schweiz zu geh\\u00f6ren. Dazu z\\u00e4hlt auch die gute Stimmung im Haus.\\n        <\/p>\n<p class=\\\"uk-text-right\\\">\\n            <button class=\\\"uk-button uk-button-default uk-modal-close\\\" type=\\\"button\\\">Schliessen<\\\/button>\\n           \\n        <\\\/p>\\n    <\\\/div>\\n<\\\/div>&#8222;}},{&#8222;name&#8220;:&#8220;&#8220;,&#8220;type&#8220;:&#8220;button&#8220;,&#8220;props&#8220;:{&#8222;margin&#8220;:&#8220;default&#8220;,&#8220;grid_column_gap&#8220;:&#8220;small&#8220;,&#8220;grid_row_gap&#8220;:&#8220;small&#8220;},&#8220;children&#8220;:[{&#8222;name&#8220;:&#8220;&#8220;,&#8220;type&#8220;:&#8220;button_item&#8220;,&#8220;props&#8220;:{&#8222;button_style&#8220;:&#8220;primary&#8220;,&#8220;icon_align&#8220;:&#8220;left&#8220;,&#8220;content&#8220;:&#8220;weiter &#8222;,&#8220;icon&#8220;:&#8220;triangle-down&#8220;,&#8220;link&#8220;:&#8220;#drei&#8220;}}]},{&#8222;name&#8220;:&#8220;&#8220;,&#8220;type&#8220;:&#8220;html&#8220;,&#8220;props&#8220;:{&#8222;content&#8220;:&#8220;<\/p>\n<div id=\\\"unten\\\"><\\\/div>&#8222;}}]}]}]},{&#8222;name&#8220;:&#8220;Panel-fullscreen-gallery&#8220;,&#8220;type&#8220;:&#8220;section&#8220;,&#8220;props&#8220;:{&#8222;image_size&#8220;:&#8220;cover&#8220;,&#8220;style&#8220;:&#8220;default&#8220;,&#8220;width&#8220;:&#8220;default&#8220;,&#8220;image&#8220;:&#8220;wp-content\\\/uploads\\\/2017\\\/10\\\/KSHP_ZH_2012_027.jpg&#8220;,&#8220;height&#8220;:&#8220;full&#8220;,&#8220;animation&#8220;:&#8220;fade&#8220;,&#8220;image_position&#8220;:&#8220;center-center&#8220;,&#8220;vertical_align&#8220;:&#8220;bottom&#8220;,&#8220;title_position&#8220;:&#8220;top-left&#8220;,&#8220;title_rotation&#8220;:&#8220;left&#8220;,&#8220;title_breakpoint&#8220;:&#8220;xl&#8220;,&#8220;id&#8220;:&#8220;drei&#8220;},&#8220;children&#8220;:[{&#8222;name&#8220;:&#8220;&#8220;,&#8220;type&#8220;:&#8220;row&#8220;,&#8220;children&#8220;:[{&#8222;name&#8220;:&#8220;&#8220;,&#8220;type&#8220;:&#8220;column&#8220;,&#8220;props&#8220;:{&#8222;image_position&#8220;:&#8220;center-center&#8220;,&#8220;width_medium&#8220;:&#8220;1-1&#8243;,&#8220;media_overlay_gradient&#8220;:&#8220;&#8220;},&#8220;children&#8220;:[{&#8222;name&#8220;:&#8220;&#8220;,&#8220;type&#8220;:&#8220;html&#8220;,&#8220;props&#8220;:{&#8222;content&#8220;:&#8220;<button class=\\\"uk-button uk-button-primary uk-margin-small-right\\\" type=\\\"button\\\" uk-toggle=\\\"target: #modal-drei\\\">Mehr<\\\/button>\\n\\n\\n\\n<!-- This is the modal -->\\n<\/p>\n<div id=\\\"modal-drei\\\" uk-modal>\\n    <\/p>\n<div class=\\\"uk-modal-dialog uk-modal-body\\\">\\n        \\n        <\/p>\n<p>Die Lehrerinnen und Lehrer sind sympathisch, menschlich, aber auch sehr qualifiziert.<\\\/p> <\/p>\n<div class=\\\"uk-hidden@s\\\"><br\\\/>\\nUnd wenn du dein Ph\\u00f6nli drehst, findest du sicher auch heraus, welches Fach Herr Ehrengruber unterrichtet!<\\\/div>\\n\\n\\n        <\/p>\n<p class=\\\"uk-text-right\\\">\\n            <button class=\\\"uk-button uk-button-default uk-modal-close\\\" type=\\\"button\\\">Schliessen<\\\/button>\\n           \\n        <\\\/p>\\n    <\\\/div>\\n<\\\/div>&#8222;}},{&#8222;name&#8220;:&#8220;&#8220;,&#8220;type&#8220;:&#8220;button&#8220;,&#8220;props&#8220;:{&#8222;margin&#8220;:&#8220;default&#8220;,&#8220;grid_column_gap&#8220;:&#8220;small&#8220;,&#8220;grid_row_gap&#8220;:&#8220;small&#8220;},&#8220;children&#8220;:[{&#8222;name&#8220;:&#8220;&#8220;,&#8220;type&#8220;:&#8220;button_item&#8220;,&#8220;props&#8220;:{&#8222;button_style&#8220;:&#8220;primary&#8220;,&#8220;icon_align&#8220;:&#8220;left&#8220;,&#8220;content&#8220;:&#8220;weiter &#8222;,&#8220;icon&#8220;:&#8220;triangle-down&#8220;,&#8220;link&#8220;:&#8220;#vier&#8220;}}]},{&#8222;name&#8220;:&#8220;&#8220;,&#8220;type&#8220;:&#8220;html&#8220;,&#8220;props&#8220;:{&#8222;content&#8220;:&#8220;<\/p>\n<div id=\\\"unten\\\"><\\\/div>&#8222;}}]}]}]},{&#8222;name&#8220;:&#8220;HeroStandard&#8220;,&#8220;type&#8220;:&#8220;section&#8220;,&#8220;props&#8220;:{&#8222;image_size&#8220;:&#8220;cover&#8220;,&#8220;style&#8220;:&#8220;default&#8220;,&#8220;width&#8220;:&#8220;default&#8220;,&#8220;image&#8220;:&#8220;wp-content\\\/uploads\\\/2017\\\/10\\\/KSHP_ZH_2012_056.jpg&#8220;,&#8220;height&#8220;:&#8220;full&#8220;,&#8220;animation&#8220;:&#8220;fade&#8220;,&#8220;image_position&#8220;:&#8220;center-center&#8220;,&#8220;vertical_align&#8220;:&#8220;bottom&#8220;,&#8220;title_position&#8220;:&#8220;top-left&#8220;,&#8220;title_rotation&#8220;:&#8220;left&#8220;,&#8220;title_breakpoint&#8220;:&#8220;xl&#8220;,&#8220;id&#8220;:&#8220;vier&#8220;},&#8220;children&#8220;:[{&#8222;name&#8220;:&#8220;&#8220;,&#8220;type&#8220;:&#8220;row&#8220;,&#8220;children&#8220;:[{&#8222;name&#8220;:&#8220;&#8220;,&#8220;type&#8220;:&#8220;column&#8220;,&#8220;props&#8220;:{&#8222;image_position&#8220;:&#8220;center-center&#8220;,&#8220;width_medium&#8220;:&#8220;1-1&#8243;,&#8220;media_overlay_gradient&#8220;:&#8220;&#8220;},&#8220;children&#8220;:[{&#8222;name&#8220;:&#8220;&#8220;,&#8220;type&#8220;:&#8220;html&#8220;,&#8220;props&#8220;:{&#8222;content&#8220;:&#8220;<button class=\\\"uk-button uk-button-primary uk-margin-small-right\\\" type=\\\"button\\\" uk-toggle=\\\"target: #modal-vier\\\">Mehr<\\\/button>\\n\\n\\n\\n<!-- This is the modal -->\\n<\/p>\n<div id=\\\"modal-vier\\\" uk-modal>\\n    <\/p>\n<div class=\\\"uk-modal-dialog uk-modal-body\\\">\\n        <\/p>\n<p>Bei Experimenten wie in Chemie nehmen sich die Lehrer Zeit f\\u00fcr jeden einzelnen. Der Chemielehrer (rechts) ist selber mal hier zur Schule gegangen.\\n        <\/p>\n<p class=\\\"uk-text-right\\\">\\n            <button class=\\\"uk-button uk-button-default uk-modal-close\\\" type=\\\"button\\\">Schliessen<\\\/button>\\n           \\n        <\\\/p>\\n    <\\\/div>\\n<\\\/div>&#8222;}},{&#8222;name&#8220;:&#8220;&#8220;,&#8220;type&#8220;:&#8220;button&#8220;,&#8220;props&#8220;:{&#8222;margin&#8220;:&#8220;default&#8220;,&#8220;grid_column_gap&#8220;:&#8220;small&#8220;,&#8220;grid_row_gap&#8220;:&#8220;small&#8220;},&#8220;children&#8220;:[{&#8222;name&#8220;:&#8220;&#8220;,&#8220;type&#8220;:&#8220;button_item&#8220;,&#8220;props&#8220;:{&#8222;button_style&#8220;:&#8220;primary&#8220;,&#8220;icon_align&#8220;:&#8220;left&#8220;,&#8220;content&#8220;:&#8220;weiter &#8222;,&#8220;icon&#8220;:&#8220;triangle-down&#8220;,&#8220;link&#8220;:&#8220;#fuenf&#8220;}}]},{&#8222;name&#8220;:&#8220;&#8220;,&#8220;type&#8220;:&#8220;html&#8220;,&#8220;props&#8220;:{&#8222;content&#8220;:&#8220;<\/p>\n<div id=\\\"unten\\\"><\\\/div>&#8222;}}]}]}]},{&#8222;name&#8220;:&#8220;HeroStandard&#8220;,&#8220;type&#8220;:&#8220;section&#8220;,&#8220;props&#8220;:{&#8222;image_size&#8220;:&#8220;cover&#8220;,&#8220;style&#8220;:&#8220;default&#8220;,&#8220;width&#8220;:&#8220;default&#8220;,&#8220;image&#8220;:&#8220;wp-content\\\/uploads\\\/2017\\\/11\\\/KSHP_2010_058-1.jpg&#8220;,&#8220;height&#8220;:&#8220;full&#8220;,&#8220;animation&#8220;:&#8220;fade&#8220;,&#8220;image_position&#8220;:&#8220;center-center&#8220;,&#8220;vertical_align&#8220;:&#8220;bottom&#8220;,&#8220;title_position&#8220;:&#8220;top-left&#8220;,&#8220;title_rotation&#8220;:&#8220;left&#8220;,&#8220;title_breakpoint&#8220;:&#8220;xl&#8220;,&#8220;id&#8220;:&#8220;fuenf&#8220;},&#8220;children&#8220;:[{&#8222;name&#8220;:&#8220;&#8220;,&#8220;type&#8220;:&#8220;row&#8220;,&#8220;children&#8220;:[{&#8222;name&#8220;:&#8220;&#8220;,&#8220;type&#8220;:&#8220;column&#8220;,&#8220;props&#8220;:{&#8222;image_position&#8220;:&#8220;center-center&#8220;,&#8220;width_medium&#8220;:&#8220;1-1&#8243;,&#8220;media_overlay_gradient&#8220;:&#8220;&#8220;},&#8220;children&#8220;:[{&#8222;name&#8220;:&#8220;&#8220;,&#8220;type&#8220;:&#8220;html&#8220;,&#8220;props&#8220;:{&#8222;content&#8220;:&#8220;<button class=\\\"uk-button uk-button-primary uk-margin-small-right\\\" type=\\\"button\\\" uk-toggle=\\\"target: #modal-fuenf\\\">Mehr<\\\/button>\\n\\n\\n\\n<!-- This is the modal -->\\n<\/p>\n<div id=\\\"modal-fuenf\\\" uk-modal>\\n    <\/p>\n<div class=\\\"uk-modal-dialog uk-modal-body\\\">\\n        <\/p>\n<p>Viele Prominente haben die Hohe Promenade besucht. Und welche Zukunft wartet auf dich?\\n        <\/p>\n<p class=\\\"uk-text-right\\\">\\n            <button class=\\\"uk-button uk-button-default uk-modal-close\\\" type=\\\"button\\\">Schliessen<\\\/button>\\n           \\n        <\\\/p>\\n    <\\\/div>\\n<\\\/div>&#8222;}},{&#8222;name&#8220;:&#8220;&#8220;,&#8220;type&#8220;:&#8220;button&#8220;,&#8220;props&#8220;:{&#8222;margin&#8220;:&#8220;default&#8220;,&#8220;grid_column_gap&#8220;:&#8220;small&#8220;,&#8220;grid_row_gap&#8220;:&#8220;small&#8220;},&#8220;children&#8220;:[{&#8222;name&#8220;:&#8220;&#8220;,&#8220;type&#8220;:&#8220;button_item&#8220;,&#8220;props&#8220;:{&#8222;button_style&#8220;:&#8220;primary&#8220;,&#8220;icon_align&#8220;:&#8220;left&#8220;,&#8220;content&#8220;:&#8220;\\u00dcbersicht&#8220;,&#8220;icon&#8220;:&#8220;thumbnails&#8220;,&#8220;link&#8220;:&#8220;http:\\\/\\\/meine.hopro.ch\\\/cms\\\/&#8220;}},{&#8222;name&#8220;:&#8220;&#8220;,&#8220;type&#8220;:&#8220;button_item&#8220;,&#8220;props&#8220;:{&#8222;button_style&#8220;:&#8220;secondary&#8220;,&#8220;icon_align&#8220;:&#8220;left&#8220;,&#8220;content&#8220;:&#8220;nach oben&#8220;,&#8220;icon&#8220;:&#8220;arrow-up&#8220;,&#8220;link&#8220;:&#8220;#&#8220;}}]},{&#8222;name&#8220;:&#8220;&#8220;,&#8220;type&#8220;:&#8220;html&#8220;,&#8220;props&#8220;:{&#8222;content&#8220;:&#8220;<\/p>\n<div id=\\\"unten\\\"><\\\/div>&#8222;}}]}]}]}],&#8220;version&#8220;:&#8220;2.2.2&#8243;} &#8211;><\/p>\n","protected":false},"excerpt":{"rendered":"<p>Mehr Die beste Schule zu sein, heisst f\u00fcr jeden etwas anderes. Die HoPro jedenfalls ist eine pers\u00f6nliche Schule. Hier kennt man sich. Schliessen weiter &nbsp; Mehr Nat\u00fcrlich sind wir auch stolz, zu den besten Gymnasien der Schweiz zu geh\u00f6ren. Dazu z\u00e4hlt auch die gute Stimmung im Haus. Schliessen weiter Mehr Die Lehrerinnen und Lehrer sind [&hellip;]<\/p>\n","protected":false},"author":1,"featured_media":0,"parent":0,"menu_order":0,"comment_status":"closed","ping_status":"closed","template":"","meta":{"footnotes":""},"class_list":["post-438","page","type-page","status-publish","hentry"],"_links":{"self":[{"href":"https:\/\/meine.hopro.ch\/cms\/index.php?rest_route=\/wp\/v2\/pages\/438","targetHints":{"allow":["GET"]}}],"collection":[{"href":"https:\/\/meine.hopro.ch\/cms\/index.php?rest_route=\/wp\/v2\/pages"}],"about":[{"href":"https:\/\/meine.hopro.ch\/cms\/index.php?rest_route=\/wp\/v2\/types\/page"}],"author":[{"embeddable":true,"href":"https:\/\/meine.hopro.ch\/cms\/index.php?rest_route=\/wp\/v2\/users\/1"}],"replies":[{"embeddable":true,"href":"https:\/\/meine.hopro.ch\/cms\/index.php?rest_route=%2Fwp%2Fv2%2Fcomments&post=438"}],"version-history":[{"count":47,"href":"https:\/\/meine.hopro.ch\/cms\/index.php?rest_route=\/wp\/v2\/pages\/438\/revisions"}],"predecessor-version":[{"id":576,"href":"https:\/\/meine.hopro.ch\/cms\/index.php?rest_route=\/wp\/v2\/pages\/438\/revisions\/576"}],"wp:attachment":[{"href":"https:\/\/meine.hopro.ch\/cms\/index.php?rest_route=%2Fwp%2Fv2%2Fmedia&parent=438"}],"curies":[{"name":"wp","href":"https:\/\/api.w.org\/{rel}","templated":true}]}}